{"id":230,"date":"2025-10-21T08:40:37","date_gmt":"2025-10-21T08:40:37","guid":{"rendered":"https:\/\/fluffypawscare.com\/?page_id=230"},"modified":"2025-10-21T08:40:38","modified_gmt":"2025-10-21T08:40:38","slug":"uber-mich","status":"publish","type":"page","link":"https:\/\/fluffypawscare.com\/?page_id=230&lang=de","title":{"rendered":"\u00dcber Mich"},"content":{"rendered":"\n<div class=\"wp-block-cover alignfull is-light has-contrast-color has-text-color has-link-color wp-elements-e430a79098da2b5e33d186e53568bd55\" style=\"margin-top:0;margin-bottom:0;padding-top:var(--wp--preset--spacing--60);padding-right:var(--wp--preset--spacing--50);padding-bottom:var(--wp--preset--spacing--60);padding-left:var(--wp--preset--spacing--50)\"><span aria-hidden=\"true\" class=\"wp-block-cover__background has-base-background-color has-background-dim-100 has-background-dim\"><\/span><div class=\"wp-block-cover__inner-container has-global-padding is-layout-constrained wp-container-core-cover-is-layout-873ee6b1 wp-block-cover-is-layout-constrained\">\n<div class=\"wp-block-columns alignwide is-layout-flex wp-container-core-columns-is-layout-7ee84d44 wp-block-columns-is-layout-flex\">\n<div class=\"wp-block-column is-layout-flow wp-block-column-is-layout-flow\" style=\"flex-basis:65%\">\n<div class=\"wp-block-group is-vertical is-content-justification-stretch is-layout-flex wp-container-core-group-is-layout-353c4f5a wp-block-group-is-layout-flex\">\n<h2 class=\"wp-block-heading has-text-align-left wp-container-content-9cfa9a5a\" style=\"font-size:clamp(1.403rem, 1.403rem + ((1vw - 0.2rem) * 1.407), 2.3rem);font-style:normal;font-weight:300;letter-spacing:-0.03em;line-height:1.4\">Hey,<\/h2>\n\n\n\n<p class=\"is-style-default\" style=\"font-size:clamp(1.039rem, 1.039rem + ((1vw - 0.2rem) * 0.88), 1.6rem);\">Ich bin Kristiina, eine ehemalige Softwareentwicklerin und Projektmanagerin, die ihrer Leidenschaft folgt, Hunde und ihre Besitzer durch einf\u00fchlsame Betreuung, durchdachtes Training und zuverl\u00e4ssige Begleitung zu unterst\u00fctzen. Ich bin davon \u00fcberzeugt, dass jeder Hund es verdient, sich sicher, geliebt und verstanden zu f\u00fchlen \u2013 auch in Zeiten der Trennung.<\/p>\n<\/div>\n<\/div>\n\n\n\n<div class=\"wp-block-column is-layout-flow wp-block-column-is-layout-flow\" style=\"flex-basis:35%\">\n<div class=\"wp-block-group is-vertical is-content-justification-stretch is-nowrap is-layout-flex wp-container-core-group-is-layout-73b0033c wp-block-group-is-layout-flex\">\n<figure class=\"wp-block-image size-full\"><img loading=\"lazy\" decoding=\"async\" width=\"1536\" height=\"2048\" src=\"https:\/\/fluffypawscare.com\/wp-content\/uploads\/2025\/10\/8a4297f9-cc25-4b95-88f9-810b306486c9.jpg\" alt=\"\" class=\"wp-image-134\" style=\"aspect-ratio:3\/4;object-fit:cover\" srcset=\"https:\/\/fluffypawscare.com\/wp-content\/uploads\/2025\/10\/8a4297f9-cc25-4b95-88f9-810b306486c9.jpg 1536w, https:\/\/fluffypawscare.com\/wp-content\/uploads\/2025\/10\/8a4297f9-cc25-4b95-88f9-810b306486c9-225x300.jpg 225w, https:\/\/fluffypawscare.com\/wp-content\/uploads\/2025\/10\/8a4297f9-cc25-4b95-88f9-810b306486c9-768x1024.jpg 768w, https:\/\/fluffypawscare.com\/wp-content\/uploads\/2025\/10\/8a4297f9-cc25-4b95-88f9-810b306486c9-1152x1536.jpg 1152w\" sizes=\"auto, (max-width: 1536px) 100vw, 1536px\" \/><\/figure>\n\n\n\n<p class=\"has-text-align-right has-x-large-font-size\" style=\"line-height:1.2\"><\/p>\n<\/div>\n<\/div>\n<\/div>\n\n\n\n<div class=\"wp-block-columns alignfull is-style-default is-layout-flex wp-container-core-columns-is-layout-f9ff4cd5 wp-block-columns-is-layout-flex\" style=\"padding-right:var(--wp--preset--spacing--40);padding-left:var(--wp--preset--spacing--40)\">\n<div class=\"wp-block-column has-global-padding is-content-justification-left is-layout-constrained wp-container-core-column-is-layout-0a0f4438 wp-block-column-is-layout-constrained\" style=\"padding-right:var(--wp--preset--spacing--50);padding-left:var(--wp--preset--spacing--50);flex-basis:100%\">\n<p style=\"font-size:clamp(2.2rem, 2.2rem + ((1vw - 0.2rem) * 2.824), 4rem);\">Meine Werte<\/p>\n\n\n\n<p style=\"font-size:clamp(1.039rem, 1.039rem + ((1vw - 0.2rem) * 0.88), 1.6rem);\"><strong>Hunde sind unsere Begleiter und Familienmitglieder.<\/strong><br>Sie verdienen dieselbe Liebe, denselben Respekt und dieselbe F\u00fcrsorge, die wir unseren Liebsten entgegenbringen.<br><br><strong>Liebensw\u00fcrdigkeit ist das Recht jedes Lebewesens.<\/strong><br>Ich glaube daran, alle Lebewesen \u2013 Menschen und Tiere \u2013 mit Mitgef\u00fchl und Empathie zu unterst\u00fctzen.<br><br><strong>Es gibt keine schlechten Hunde.<\/strong><br>Missverst\u00e4ndnisse entstehen durch Fehlkommunikation, nicht durch B\u00f6swilligkeit. Mein Ziel ist es, mit Geduld und Verst\u00e4ndnis dazu beizutragen, diese L\u00fccke zu schlie\u00dfen.<\/p>\n<\/div>\n<\/div>\n<\/div><\/div>\n\n\n\n<p><\/p>\n","protected":false},"excerpt":{"rendered":"","protected":false},"author":1,"featured_media":0,"parent":0,"menu_order":0,"comment_status":"closed","ping_status":"closed","template":"","meta":{"footnotes":""},"class_list":["post-230","page","type-page","status-publish","hentry"],"lang":"de","translations":{"de":230,"en":133,"et":238},"pll_sync_post":[],"_links":{"self":[{"href":"https:\/\/fluffypawscare.com\/index.php?rest_route=\/wp\/v2\/pages\/230","targetHints":{"allow":["GET"]}}],"collection":[{"href":"https:\/\/fluffypawscare.com\/index.php?rest_route=\/wp\/v2\/pages"}],"about":[{"href":"https:\/\/fluffypawscare.com\/index.php?rest_route=\/wp\/v2\/types\/page"}],"author":[{"embeddable":true,"href":"https:\/\/fluffypawscare.com\/index.php?rest_route=\/wp\/v2\/users\/1"}],"replies":[{"embeddable":true,"href":"https:\/\/fluffypawscare.com\/index.php?rest_route=%2Fwp%2Fv2%2Fcomments&post=230"}],"version-history":[{"count":2,"href":"https:\/\/fluffypawscare.com\/index.php?rest_route=\/wp\/v2\/pages\/230\/revisions"}],"predecessor-version":[{"id":232,"href":"https:\/\/fluffypawscare.com\/index.php?rest_route=\/wp\/v2\/pages\/230\/revisions\/232"}],"wp:attachment":[{"href":"https:\/\/fluffypawscare.com\/index.php?rest_route=%2Fwp%2Fv2%2Fmedia&parent=230"}],"curies":[{"name":"wp","href":"https:\/\/api.w.org\/{rel}","templated":true}]}}