{"id":218,"date":"2025-10-19T09:54:25","date_gmt":"2025-10-19T09:54:25","guid":{"rendered":"https:\/\/fluffypawscare.com\/?page_id=218"},"modified":"2025-10-21T09:39:05","modified_gmt":"2025-10-21T09:39:05","slug":"pehmete-kapakeste-kodu","status":"publish","type":"page","link":"https:\/\/fluffypawscare.com\/?page_id=218&lang=et","title":{"rendered":"House of Fluffy Paws"},"content":{"rendered":"\n<div class=\"wp-block-group alignfull hostinger-ai-hero-1 hostinger-ai-fade-up has-color-2-background-color has-background has-global-padding is-layout-constrained wp-block-group-is-layout-constrained\">\n<div class=\"wp-block-group alignwide has-global-padding is-layout-constrained wp-block-group-is-layout-constrained\">\n<div class=\"wp-block-columns is-layout-flex wp-container-core-columns-is-layout-28f84493 wp-block-columns-is-layout-flex\">\n<div class=\"wp-block-column is-layout-flow wp-block-column-is-layout-flow\" style=\"flex-basis:100%\">\n<div class=\"wp-block-group alignwide hostinger-ai-fade-up is-layout-grid wp-container-core-group-is-layout-b2a6df44 wp-block-group-is-layout-grid\" style=\"padding-top:var(--wp--preset--spacing--60);padding-bottom:var(--wp--preset--spacing--60)\">\n<div class=\"wp-block-group hostinger-ai-fade-up wp-container-content-5e2576f9 is-vertical is-content-justification-left is-nowrap is-layout-flex wp-container-core-group-is-layout-e445e5de wp-block-group-is-layout-flex\">\n<h3 class=\"wp-block-heading hostinger-ai-title is-style-default has-light-color has-text-color has-link-color has-x-large-font-size wp-elements-81f2ebf2faa5c941037bd4aaa2efdb18 wp-container-content-9cfa9a5a\" style=\"margin-top:0;margin-right:0;margin-bottom:0;margin-left:0\">Armastusest ja m\u00f5istmisest l\u00e4htuv teadlik koerte hoid<\/h3>\n\n\n\n<div class=\"wp-block-columns is-layout-flex wp-container-core-columns-is-layout-28f84493 wp-block-columns-is-layout-flex\">\n<div class=\"wp-block-column is-layout-flow wp-block-column-is-layout-flow\" style=\"font-size:clamp(30.232px, 1.89rem + ((1vw - 3.2px) * 2.232), 53px);flex-basis:100%\">\n<p class=\"hostinger-ai-description has-light-color has-text-color has-link-color wp-elements-1b8b3f59477998ba79f61c8796a502ff\" style=\"margin-top:0;margin-bottom:var(--wp--preset--spacing--50);font-size:clamp(14px, 0.875rem + ((1vw - 3.2px) * 0.588), 20px);\"><\/p>\n\n\n\n<p class=\"hostinger-ai-description hostinger-index-1 has-small-font-size\" style=\"margin-bottom:var(--wp--preset--spacing--50)\">Vaimne ja f\u00fc\u00fcsiline stimulatsioon vastavalt teie koera vajadustele<\/p>\n\n\n\n<p class=\"has-small-font-size\" style=\"margin-bottom:var(--wp--preset--spacing--50)\">Jalutusteenus Viini 22. Linnaosas<\/p>\n<\/div>\n<\/div>\n\n\n\n<div class=\"wp-block-buttons is-layout-flex wp-block-buttons-is-layout-flex\">\n<div class=\"wp-block-button hostinger-ai-cta-button hostinger-index-0 is-style-fill\"><a class=\"wp-block-button__link has-color-2-color has-color-1-background-color has-text-color has-background has-link-color has-border-color has-medium-font-size has-custom-font-size wp-element-button\" href=\"https:\/\/fluffypawscare.com\/?page_id=243&amp;lang=et\" style=\"border-color:#E1D7C6;border-width:1px;border-radius:50px;padding-top:var(--wp--preset--spacing--30);padding-right:var(--wp--preset--spacing--70);padding-bottom:var(--wp--preset--spacing--30);padding-left:var(--wp--preset--spacing--70)\">Broneeri<\/a><\/div>\n<\/div>\n<\/div>\n\n\n\n<div class=\"wp-block-group hostinger-ai-fade-up has-global-padding is-layout-constrained wp-block-group-is-layout-constrained\">\n<figure class=\"wp-block-image alignright size-full has-custom-border hostinger-ai-image\"><img loading=\"lazy\" decoding=\"async\" width=\"1920\" height=\"2560\" src=\"https:\/\/fluffypawscare.com\/wp-content\/uploads\/2025\/07\/IMG_20170923_172901_Original-scaled.jpeg\" alt=\"\" class=\"wp-image-52\" style=\"border-radius:20px\" srcset=\"https:\/\/fluffypawscare.com\/wp-content\/uploads\/2025\/07\/IMG_20170923_172901_Original-scaled.jpeg 1920w, https:\/\/fluffypawscare.com\/wp-content\/uploads\/2025\/07\/IMG_20170923_172901_Original-225x300.jpeg 225w, https:\/\/fluffypawscare.com\/wp-content\/uploads\/2025\/07\/IMG_20170923_172901_Original-768x1024.jpeg 768w, https:\/\/fluffypawscare.com\/wp-content\/uploads\/2025\/07\/IMG_20170923_172901_Original-1152x1536.jpeg 1152w, https:\/\/fluffypawscare.com\/wp-content\/uploads\/2025\/07\/IMG_20170923_172901_Original-1536x2048.jpeg 1536w\" sizes=\"auto, (max-width: 1920px) 100vw, 1920px\" \/><\/figure>\n<\/div>\n<\/div>\n<\/div>\n<\/div>\n<\/div>\n<\/div>\n\n\n\n<div class=\"wp-block-group alignfull hostinger-ai-resume-1 hostinger-ai-fade-up is-vertical is-layout-flex wp-container-core-group-is-layout-fe9cc265 wp-block-group-is-layout-flex\"><\/div>\n\n\n\n<div class=\"wp-block-group alignfull hostinger-ai-about-us-3 hostinger-ai-fade-up is-layout-grid wp-container-core-group-is-layout-478b6e6b wp-block-group-is-layout-grid\"><\/div>\n\n\n\n<div class=\"wp-block-group alignfull hostinger-ai-solid-block hostinger-ai-fade-up has-color-1-background-color has-background has-global-padding is-layout-constrained wp-block-group-is-layout-constrained\" style=\"padding-top:var(--wp--preset--spacing--60);padding-bottom:var(--wp--preset--spacing--60)\">\n<div class=\"wp-block-group alignwide hostinger-ai-fade-up is-vertical is-content-justification-center is-nowrap is-layout-flex wp-container-core-group-is-layout-4cc6ee0a wp-block-group-is-layout-flex\" style=\"min-height:0px;padding-top:0;padding-bottom:0\">\n<div class=\"wp-block-group alignfull has-global-padding is-layout-constrained wp-container-core-group-is-layout-ebee8dc1 wp-block-group-is-layout-constrained\" style=\"margin-top:0;margin-bottom:0;padding-top:var(--wp--preset--spacing--50);padding-bottom:var(--wp--preset--spacing--50)\">\n<h2 class=\"wp-block-heading alignwide\">Teenused<\/h2>\n\n\n\n<div class=\"wp-block-columns alignwide is-layout-flex wp-container-core-columns-is-layout-28f84493 wp-block-columns-is-layout-flex\">\n<div class=\"wp-block-column is-layout-flow wp-block-column-is-layout-flow\">\n<figure class=\"wp-block-image aligncenter size-full is-style-default\" style=\"margin-bottom:24px\"><img loading=\"lazy\" decoding=\"async\" width=\"1920\" height=\"2560\" src=\"https:\/\/fluffypawscare.com\/wp-content\/uploads\/2025\/08\/IMG_2703-scaled.jpeg\" alt=\"\" class=\"wp-image-127\" style=\"aspect-ratio:4\/3;object-fit:cover\" srcset=\"https:\/\/fluffypawscare.com\/wp-content\/uploads\/2025\/08\/IMG_2703-scaled.jpeg 1920w, https:\/\/fluffypawscare.com\/wp-content\/uploads\/2025\/08\/IMG_2703-225x300.jpeg 225w, https:\/\/fluffypawscare.com\/wp-content\/uploads\/2025\/08\/IMG_2703-768x1024.jpeg 768w, https:\/\/fluffypawscare.com\/wp-content\/uploads\/2025\/08\/IMG_2703-1152x1536.jpeg 1152w, https:\/\/fluffypawscare.com\/wp-content\/uploads\/2025\/08\/IMG_2703-1536x2048.jpeg 1536w\" sizes=\"auto, (max-width: 1920px) 100vw, 1920px\" \/><\/figure>\n\n\n\n<h3 class=\"wp-block-heading\">Jalutamine<\/h3>\n\n\n\n<p class=\"has-medium-font-size\">Olenemata kas teie koer vajab kiiret jalutusk\u00e4iku v\u00f5i hoopiski pikemat seiklust, pakun turvalist, l\u00f5busat ja teie koera vajadustele vastavalt personaliseeritud teenust. Jalutan \u00fchte koera (v\u00f5i majapidamist\/s\u00f5pru) korraga, et tagada neile minu t\u00e4ielik t\u00e4helepanu. <\/p>\n<\/div>\n\n\n\n<div class=\"wp-block-column is-layout-flow wp-block-column-is-layout-flow\">\n<figure class=\"wp-block-image size-full\" style=\"margin-bottom:24px\"><img loading=\"lazy\" decoding=\"async\" width=\"2560\" height=\"1920\" src=\"https:\/\/fluffypawscare.com\/wp-content\/uploads\/2025\/07\/IMG_3177-scaled.jpeg\" alt=\"\" class=\"wp-image-63\" style=\"aspect-ratio:4\/3;object-fit:cover\" srcset=\"https:\/\/fluffypawscare.com\/wp-content\/uploads\/2025\/07\/IMG_3177-scaled.jpeg 2560w, https:\/\/fluffypawscare.com\/wp-content\/uploads\/2025\/07\/IMG_3177-300x225.jpeg 300w, https:\/\/fluffypawscare.com\/wp-content\/uploads\/2025\/07\/IMG_3177-1024x768.jpeg 1024w, https:\/\/fluffypawscare.com\/wp-content\/uploads\/2025\/07\/IMG_3177-768x576.jpeg 768w, https:\/\/fluffypawscare.com\/wp-content\/uploads\/2025\/07\/IMG_3177-1536x1152.jpeg 1536w, https:\/\/fluffypawscare.com\/wp-content\/uploads\/2025\/07\/IMG_3177-2048x1536.jpeg 2048w\" sizes=\"auto, (max-width: 2560px) 100vw, 2560px\" \/><\/figure>\n\n\n\n<h3 class=\"wp-block-heading\">Vaimne stimulatsioon<\/h3>\n\n\n\n<p class=\"has-medium-font-size\">\u00d5rn, preemiap\u00f5hine vaimne stimulatsioon nii kutsikatele kui ka t\u00e4iskasvanud koertele. L\u00e4bi l\u00fchikeste ja positiivsete sessioonide fokuseerin usalduse ja heade kommete \u00fclesehitamisele. <\/p>\n<\/div>\n<\/div>\n<\/div>\n<\/div>\n<\/div>\n\n\n\n<p><\/p>\n","protected":false},"excerpt":{"rendered":"<p>Armastusest ja m\u00f5istmisest l\u00e4htuv teadlik koerte hoid Vaimne ja f\u00fc\u00fcsiline stimulatsioon vastavalt teie koera vajadustele Jalutusteenus Viini 22. Linnaosas Teenused Jalutamine Olenemata kas teie koer vajab kiiret jalutusk\u00e4iku v\u00f5i hoopiski pikemat seiklust, pakun turvalist, l\u00f5busat ja teie koera vajadustele vastavalt personaliseeritud teenust. Jalutan \u00fchte koera (v\u00f5i majapidamist\/s\u00f5pru) korraga, et tagada neile minu t\u00e4ielik t\u00e4helepanu. Vaimne [&hellip;]<\/p>\n","protected":false},"author":1,"featured_media":0,"parent":0,"menu_order":0,"comment_status":"closed","ping_status":"closed","template":"","meta":{"footnotes":""},"class_list":["post-218","page","type-page","status-publish","hentry"],"lang":"et","translations":{"et":218,"en":33,"de":165},"pll_sync_post":[],"_links":{"self":[{"href":"https:\/\/fluffypawscare.com\/index.php?rest_route=\/wp\/v2\/pages\/218","targetHints":{"allow":["GET"]}}],"collection":[{"href":"https:\/\/fluffypawscare.com\/index.php?rest_route=\/wp\/v2\/pages"}],"about":[{"href":"https:\/\/fluffypawscare.com\/index.php?rest_route=\/wp\/v2\/types\/page"}],"author":[{"embeddable":true,"href":"https:\/\/fluffypawscare.com\/index.php?rest_route=\/wp\/v2\/users\/1"}],"replies":[{"embeddable":true,"href":"https:\/\/fluffypawscare.com\/index.php?rest_route=%2Fwp%2Fv2%2Fcomments&post=218"}],"version-history":[{"count":4,"href":"https:\/\/fluffypawscare.com\/index.php?rest_route=\/wp\/v2\/pages\/218\/revisions"}],"predecessor-version":[{"id":275,"href":"https:\/\/fluffypawscare.com\/index.php?rest_route=\/wp\/v2\/pages\/218\/revisions\/275"}],"wp:attachment":[{"href":"https:\/\/fluffypawscare.com\/index.php?rest_route=%2Fwp%2Fv2%2Fmedia&parent=218"}],"curies":[{"name":"wp","href":"https:\/\/api.w.org\/{rel}","templated":true}]}}