{"id":165,"date":"2025-10-18T16:11:34","date_gmt":"2025-10-18T16:11:34","guid":{"rendered":"https:\/\/fluffypawscare.com\/?page_id=165"},"modified":"2025-10-21T09:06:28","modified_gmt":"2025-10-21T09:06:28","slug":"haus-der-fluffigen-pfotchen","status":"publish","type":"page","link":"https:\/\/fluffypawscare.com\/?page_id=165&lang=de","title":{"rendered":"House of Fluffy Paws"},"content":{"rendered":"\n<div class=\"wp-block-group alignfull hostinger-ai-hero-1 hostinger-ai-fade-up has-color-2-background-color has-background has-global-padding is-layout-constrained wp-block-group-is-layout-constrained\">\n<div class=\"wp-block-group alignwide has-global-padding is-layout-constrained wp-block-group-is-layout-constrained\">\n<div class=\"wp-block-columns is-layout-flex wp-container-core-columns-is-layout-28f84493 wp-block-columns-is-layout-flex\">\n<div class=\"wp-block-column is-layout-flow wp-block-column-is-layout-flow\" style=\"flex-basis:100%\">\n<div class=\"wp-block-group alignwide hostinger-ai-fade-up is-layout-grid wp-container-core-group-is-layout-b2a6df44 wp-block-group-is-layout-grid\" style=\"padding-top:var(--wp--preset--spacing--60);padding-bottom:var(--wp--preset--spacing--60)\">\n<div class=\"wp-block-group hostinger-ai-fade-up wp-container-content-5e2576f9 is-vertical is-content-justification-left is-nowrap is-layout-flex wp-container-core-group-is-layout-e445e5de wp-block-group-is-layout-flex\">\n<h3 class=\"wp-block-heading hostinger-ai-title is-style-default has-light-color has-text-color has-link-color wp-elements-e5e463e4f950a22407ef495f7944b614\" style=\"margin-top:0;margin-right:0;margin-bottom:0;margin-left:0;font-size:clamp(1.301rem, 1.301rem + ((1vw - 0.2rem) * 1.253), 2.1rem);\">Bewusstes Hundesitting, gegr\u00fcndet auf Liebe und Verst\u00e4ndnis<\/h3>\n\n\n\n<div class=\"wp-block-columns is-layout-flex wp-container-core-columns-is-layout-28f84493 wp-block-columns-is-layout-flex\">\n<div class=\"wp-block-column is-layout-flow wp-block-column-is-layout-flow\" style=\"font-size:clamp(30.232px, 1.89rem + ((1vw - 3.2px) * 2.232), 53px);flex-basis:100%\">\n<p class=\"hostinger-ai-description has-light-color has-text-color has-link-color wp-elements-1b8b3f59477998ba79f61c8796a502ff\" style=\"margin-top:0;margin-bottom:var(--wp--preset--spacing--50);font-size:clamp(14px, 0.875rem + ((1vw - 3.2px) * 0.588), 20px);\"><\/p>\n\n\n\n<p class=\"hostinger-ai-description hostinger-index-1 has-small-font-size\" style=\"margin-bottom:var(--wp--preset--spacing--50)\">Professionelle Techniken zur geistigen und k\u00f6rperlichen Stimulation Ihrer vierbeinigen Freunde<\/p>\n\n\n\n<p class=\"has-small-font-size\" style=\"margin-bottom:var(--wp--preset--spacing--50)\">Gassi-Service im 22. Bezirk, Wien<\/p>\n<\/div>\n<\/div>\n\n\n\n<div class=\"wp-block-buttons is-layout-flex wp-block-buttons-is-layout-flex\">\n<div class=\"wp-block-button has-custom-width wp-block-button__width-100 hostinger-ai-cta-button hostinger-index-0 is-style-fill\"><a class=\"wp-block-button__link has-color-2-color has-color-1-background-color has-text-color has-background has-link-color has-border-color has-small-font-size has-custom-font-size wp-element-button\" href=\"https:\/\/fluffypawscare.com\/?page_id=176&amp;lang=de\" style=\"border-color:#E1D7C6;border-width:1px;border-radius:50px;padding-top:var(--wp--preset--spacing--30);padding-right:var(--wp--preset--spacing--50);padding-bottom:var(--wp--preset--spacing--30);padding-left:var(--wp--preset--spacing--50)\"><bdo lang=\"de\" dir=\"ltr\">Jetzt Buchen<\/bdo><\/a><\/div>\n<\/div>\n<\/div>\n\n\n\n<div class=\"wp-block-group hostinger-ai-fade-up has-global-padding is-layout-constrained wp-block-group-is-layout-constrained\">\n<figure class=\"wp-block-image alignright size-full has-custom-border hostinger-ai-image\"><img loading=\"lazy\" decoding=\"async\" width=\"1920\" height=\"2560\" src=\"https:\/\/fluffypawscare.com\/wp-content\/uploads\/2025\/07\/IMG_20170923_172901_Original-scaled.jpeg\" alt=\"\" class=\"wp-image-52\" style=\"border-radius:20px\" srcset=\"https:\/\/fluffypawscare.com\/wp-content\/uploads\/2025\/07\/IMG_20170923_172901_Original-scaled.jpeg 1920w, https:\/\/fluffypawscare.com\/wp-content\/uploads\/2025\/07\/IMG_20170923_172901_Original-225x300.jpeg 225w, https:\/\/fluffypawscare.com\/wp-content\/uploads\/2025\/07\/IMG_20170923_172901_Original-768x1024.jpeg 768w, https:\/\/fluffypawscare.com\/wp-content\/uploads\/2025\/07\/IMG_20170923_172901_Original-1152x1536.jpeg 1152w, https:\/\/fluffypawscare.com\/wp-content\/uploads\/2025\/07\/IMG_20170923_172901_Original-1536x2048.jpeg 1536w\" sizes=\"auto, (max-width: 1920px) 100vw, 1920px\" \/><\/figure>\n<\/div>\n<\/div>\n<\/div>\n<\/div>\n<\/div>\n<\/div>\n\n\n\n<div class=\"wp-block-group alignfull hostinger-ai-resume-1 hostinger-ai-fade-up is-vertical is-layout-flex wp-container-core-group-is-layout-fe9cc265 wp-block-group-is-layout-flex\"><\/div>\n\n\n\n<div class=\"wp-block-group alignfull hostinger-ai-about-us-3 hostinger-ai-fade-up is-layout-grid wp-container-core-group-is-layout-478b6e6b wp-block-group-is-layout-grid\"><\/div>\n\n\n\n<div class=\"wp-block-group alignfull hostinger-ai-solid-block hostinger-ai-fade-up has-color-1-background-color has-background has-global-padding is-layout-constrained wp-block-group-is-layout-constrained\" style=\"padding-top:var(--wp--preset--spacing--60);padding-bottom:var(--wp--preset--spacing--60)\">\n<div class=\"wp-block-group alignwide hostinger-ai-fade-up is-vertical is-content-justification-center is-nowrap is-layout-flex wp-container-core-group-is-layout-4cc6ee0a wp-block-group-is-layout-flex\" style=\"min-height:0px;padding-top:0;padding-bottom:0\">\n<div class=\"wp-block-group alignfull has-global-padding is-layout-constrained wp-container-core-group-is-layout-ebee8dc1 wp-block-group-is-layout-constrained\" style=\"margin-top:0;margin-bottom:0;padding-top:var(--wp--preset--spacing--50);padding-bottom:var(--wp--preset--spacing--50)\">\n<h2 class=\"wp-block-heading alignwide\">Leistungen<\/h2>\n\n\n\n<div class=\"wp-block-columns alignwide is-layout-flex wp-container-core-columns-is-layout-28f84493 wp-block-columns-is-layout-flex\">\n<div class=\"wp-block-column is-layout-flow wp-block-column-is-layout-flow\">\n<figure class=\"wp-block-image aligncenter size-full is-style-default\" style=\"margin-bottom:24px\"><img loading=\"lazy\" decoding=\"async\" width=\"1920\" height=\"2560\" src=\"https:\/\/fluffypawscare.com\/wp-content\/uploads\/2025\/08\/IMG_2703-scaled.jpeg\" alt=\"\" class=\"wp-image-127\" style=\"aspect-ratio:4\/3;object-fit:cover\" srcset=\"https:\/\/fluffypawscare.com\/wp-content\/uploads\/2025\/08\/IMG_2703-scaled.jpeg 1920w, https:\/\/fluffypawscare.com\/wp-content\/uploads\/2025\/08\/IMG_2703-225x300.jpeg 225w, https:\/\/fluffypawscare.com\/wp-content\/uploads\/2025\/08\/IMG_2703-768x1024.jpeg 768w, https:\/\/fluffypawscare.com\/wp-content\/uploads\/2025\/08\/IMG_2703-1152x1536.jpeg 1152w, https:\/\/fluffypawscare.com\/wp-content\/uploads\/2025\/08\/IMG_2703-1536x2048.jpeg 1536w\" sizes=\"auto, (max-width: 1920px) 100vw, 1920px\" \/><\/figure>\n\n\n\n<h3 class=\"wp-block-heading\">Gassigehen<\/h3>\n\n\n\n<p class=\"has-medium-font-size\">Egal, ob Ihr Hund einen kurzen Spaziergang oder ein l\u00e4ngeres Abenteuer braucht, ich biete sichere, unterhaltsame und individuell auf die Energie und Bed\u00fcrfnisse Ihres Hundes zugeschnittene Spazierg\u00e4nge an. Ich gehe jeweils nur mit einem Hund (oder einem Haushalt\/Freunden) spazieren, um ihnen meine volle Aufmerksamkeit zu schenken.<\/p>\n<\/div>\n\n\n\n<div class=\"wp-block-column is-layout-flow wp-block-column-is-layout-flow\">\n<figure class=\"wp-block-image size-full\" style=\"margin-bottom:24px\"><img loading=\"lazy\" decoding=\"async\" width=\"2560\" height=\"1920\" src=\"https:\/\/fluffypawscare.com\/wp-content\/uploads\/2025\/07\/IMG_3177-scaled.jpeg\" alt=\"\" class=\"wp-image-63\" style=\"aspect-ratio:4\/3;object-fit:cover\" srcset=\"https:\/\/fluffypawscare.com\/wp-content\/uploads\/2025\/07\/IMG_3177-scaled.jpeg 2560w, https:\/\/fluffypawscare.com\/wp-content\/uploads\/2025\/07\/IMG_3177-300x225.jpeg 300w, https:\/\/fluffypawscare.com\/wp-content\/uploads\/2025\/07\/IMG_3177-1024x768.jpeg 1024w, https:\/\/fluffypawscare.com\/wp-content\/uploads\/2025\/07\/IMG_3177-768x576.jpeg 768w, https:\/\/fluffypawscare.com\/wp-content\/uploads\/2025\/07\/IMG_3177-1536x1152.jpeg 1536w, https:\/\/fluffypawscare.com\/wp-content\/uploads\/2025\/07\/IMG_3177-2048x1536.jpeg 2048w\" sizes=\"auto, (max-width: 2560px) 100vw, 2560px\" \/><\/figure>\n\n\n\n<h3 class=\"wp-block-heading\">Mentale Stimulation<\/h3>\n\n\n\n<p class=\"has-medium-font-size\">Sanfte, belohnungsbasierte mentale Stimulation f\u00fcr Welpen und erwachsene Hunde. Ich konzentriere mich darauf, durch kurze, positive Einheiten Vertrauen und gute Gewohnheiten aufzubauen \u2013 ideal, um gutes Benehmen zu festigen.<\/p>\n<\/div>\n<\/div>\n<\/div>\n<\/div>\n<\/div>\n\n\n\n<p><\/p>\n","protected":false},"excerpt":{"rendered":"<p>Bewusstes Hundesitting, gegr\u00fcndet auf Liebe und Verst\u00e4ndnis Professionelle Techniken zur geistigen und k\u00f6rperlichen Stimulation Ihrer vierbeinigen Freunde Gassi-Service im 22. Bezirk, Wien Leistungen Gassigehen Egal, ob Ihr Hund einen kurzen Spaziergang oder ein l\u00e4ngeres Abenteuer braucht, ich biete sichere, unterhaltsame und individuell auf die Energie und Bed\u00fcrfnisse Ihres Hundes zugeschnittene Spazierg\u00e4nge an. Ich gehe jeweils [&hellip;]<\/p>\n","protected":false},"author":1,"featured_media":0,"parent":0,"menu_order":0,"comment_status":"closed","ping_status":"closed","template":"","meta":{"footnotes":""},"class_list":["post-165","page","type-page","status-publish","hentry"],"lang":"de","translations":{"de":165,"en":33,"et":218},"pll_sync_post":[],"_links":{"self":[{"href":"https:\/\/fluffypawscare.com\/index.php?rest_route=\/wp\/v2\/pages\/165","targetHints":{"allow":["GET"]}}],"collection":[{"href":"https:\/\/fluffypawscare.com\/index.php?rest_route=\/wp\/v2\/pages"}],"about":[{"href":"https:\/\/fluffypawscare.com\/index.php?rest_route=\/wp\/v2\/types\/page"}],"author":[{"embeddable":true,"href":"https:\/\/fluffypawscare.com\/index.php?rest_route=\/wp\/v2\/users\/1"}],"replies":[{"embeddable":true,"href":"https:\/\/fluffypawscare.com\/index.php?rest_route=%2Fwp%2Fv2%2Fcomments&post=165"}],"version-history":[{"count":6,"href":"https:\/\/fluffypawscare.com\/index.php?rest_route=\/wp\/v2\/pages\/165\/revisions"}],"predecessor-version":[{"id":227,"href":"https:\/\/fluffypawscare.com\/index.php?rest_route=\/wp\/v2\/pages\/165\/revisions\/227"}],"wp:attachment":[{"href":"https:\/\/fluffypawscare.com\/index.php?rest_route=%2Fwp%2Fv2%2Fmedia&parent=165"}],"curies":[{"name":"wp","href":"https:\/\/api.w.org\/{rel}","templated":true}]}}